{"id":22,"date":"2013-05-23T11:21:04","date_gmt":"2013-05-23T09:21:04","guid":{"rendered":"http:\/\/www.fuegetechnik-berlin.de\/ftbbwordpress\/?page_id=22"},"modified":"2018-05-23T17:11:42","modified_gmt":"2018-05-23T15:11:42","slug":"fugeverfahren","status":"publish","type":"page","link":"https:\/\/www.fuegetechnik-berlin.de\/?page_id=22","title":{"rendered":"F\u00dcGEVERFAHREN"},"content":{"rendered":"<div style=\"float: left; width: 415px; height: 350px; text-align: justify;\">Vergleicht man Keramik- mit Metallkonstruktionen stellt man fest, dass den \u00fcberlegenen Werkstoffeigenschaften der Keramik die Schwei\u00dfbarkeit der Metalle gegen\u00fcbersteht. Diese Einschr\u00e4nkung bei der geometrischen Auslegung wird durch unser innovatives F\u00fcgeverfahren f\u00fcr technische Keramik \u00fcberwunden.Mit dieser Technologie sind nun Hinterschneidungen, kompliziert geformte Kan\u00e4le und str\u00f6mungsbrechende Elemente herstellbar.<\/p>\n<p>Das hierf\u00fcr genutzte Niederdruckhei\u00dfgie\u00dfen erm\u00f6glicht eine endkonturnahe und kosteng\u00fcnstige Serienfertigung.<\/p>\n<p>Das F\u00fcgen wird ohne Zus\u00e4tze von Fremdmaterialien durchgef\u00fchrt, die die Korrosionsfestigkeit des Bauteils reduzieren w\u00fcrden. Es erm\u00f6glicht ohne aufwendige Bearbeitung stoff- und kraftschl\u00fcssige Verbindungen und erreicht als einziges Verfahren an der F\u00fcgezone \u00fcber 80 % der Festigkeit des Grundwerkstoffes.<\/p>\n<\/div>\n<div style=\"float: right; width: 415px; height: 240px;\">\n<div><img loading=\"lazy\" decoding=\"async\" class=\"alignnone size-full wp-image-348\" src=\"https:\/\/www.fuegetechnik-berlin.de\/\/wp-content\/uploads\/2013\/05\/Fuegeverfahren_pic01.jpg\" alt=\"Fuegeverfahren_pic01\" width=\"415\" height=\"240\" srcset=\"https:\/\/www.fuegetechnik-berlin.de\/wp-content\/uploads\/2013\/05\/Fuegeverfahren_pic01.jpg 415w, https:\/\/www.fuegetechnik-berlin.de\/wp-content\/uploads\/2013\/05\/Fuegeverfahren_pic01-300x173.jpg 300w\" sizes=\"(max-width: 415px) 100vw, 415px\" \/><\/div>\n<\/div>\n<div style=\"text-align: right; float: right; width: 415px; height: 110px; padding-right: 15px;\"><span style=\"font-style: italic; color: #a6a6a6;\">Vollkeramische R\u00fchrwerke<\/span><\/div>\n<div style=\"float: left; width: 415px; height: 300px;\">\n<div><img loading=\"lazy\" decoding=\"async\" class=\"alignnone size-full wp-image-252\" src=\"https:\/\/www.fuegetechnik-berlin.de\/\/wp-content\/uploads\/2013\/05\/Fuegeverfahren_pic02.jpg\" alt=\"Fuegeverfahren_pic02\" width=\"415\" height=\"240\" srcset=\"https:\/\/www.fuegetechnik-berlin.de\/wp-content\/uploads\/2013\/05\/Fuegeverfahren_pic02.jpg 415w, https:\/\/www.fuegetechnik-berlin.de\/wp-content\/uploads\/2013\/05\/Fuegeverfahren_pic02-300x173.jpg 300w\" sizes=\"(max-width: 415px) 100vw, 415px\" \/><\/div>\n<\/div>\n<div style=\"float: right; width: 415px; height: 300px; text-align: justify;\"><span style=\"color: #e10a19;\">Vollkeramischer Mikroreaktor<\/span><\/p>\n<ul>\n<li>K\u00f6rper \u00d8 20 mm x 40 mm<\/li>\n<li>Anschl\u00fcsse \u00d8 8 mm<\/li>\n<li>Interne Struktur 600 \u03bcm breit<\/li>\n<li>Durchsatz bei \u0394p =3 bar ca. 60 l\/h<\/li>\n<li>Druckfestigkeit &gt; 100 bar<\/li>\n<li>Heizelement und Temperaturf\u00fchler k\u00f6nnen integriert werden<\/li>\n<\/ul>\n<p>Einsatztemperaturen:<\/p>\n<ul>\n<li>Reaktionszone &lt; 1000\u00b0C,<\/li>\n<li>Anschl\u00fcsse &lt; 250\u00b0C (Klemmringverschraubung)<\/li>\n<\/ul>\n<\/div>\n<div style=\"float: left; width: 415px; height: 125px; text-align: justify;\"><span style=\"color: #e10a19;\">Vollkeramischer W\u00e4rmetauscher<\/span>&#8211; Kreuzstromanordnung<br \/>\n&#8211; 2 x 20 Bohrungen mit je 2mm\u00b2 Querschnitt<br \/>\n&#8211; Anschl\u00fcsse \u00d8 10 mm<\/p>\n<p>&nbsp;<\/p>\n<\/div>\n<div style=\"float: left; width: 870px; height: 306px;\">\n<div><img loading=\"lazy\" decoding=\"async\" class=\"alignnone size-full wp-image-258\" src=\"https:\/\/www.fuegetechnik-berlin.de\/\/wp-content\/uploads\/2013\/05\/Fuegeverfahren_pic03.jpg\" alt=\"Fuegeverfahren_pic03\" width=\"870\" height=\"306\" srcset=\"https:\/\/www.fuegetechnik-berlin.de\/wp-content\/uploads\/2013\/05\/Fuegeverfahren_pic03.jpg 870w, https:\/\/www.fuegetechnik-berlin.de\/wp-content\/uploads\/2013\/05\/Fuegeverfahren_pic03-300x105.jpg 300w, https:\/\/www.fuegetechnik-berlin.de\/wp-content\/uploads\/2013\/05\/Fuegeverfahren_pic03-500x175.jpg 500w\" sizes=\"(max-width: 870px) 100vw, 870px\" \/><\/div>\n<\/div>\n<div style=\"float: left; width: 640px; height: 600px; text-align: justify;\">\n<span style=\"color: #e10a19;\">Keramik &#8222;schwei\u00dfen&#8220; per Hand<\/span><\/p>\n<p>Das patentierte F\u00fcgeverfahren ist so robust, dass selbst eine \u201eVerschwei\u00dfung\u201c per Hand m\u00f6glich ist. So k\u00f6nnen Einzelteilanfertigungen oder Muster unter Umst\u00e4nden durch die Einsparung von Werkzeugkosten g\u00fcnstiger hergestellt werden.\n<\/p><\/div>\n","protected":false},"excerpt":{"rendered":"<p>Vergleicht man Keramik- mit Metallkonstruktionen stellt man fest, dass den \u00fcberlegenen Werkstoffeigenschaften der Keramik die Schwei\u00dfbarkeit der Metalle gegen\u00fcbersteht. Diese Einschr\u00e4nkung bei der geometrischen Auslegung wird durch unser innovatives F\u00fcgeverfahren f\u00fcr technische Keramik \u00fcberwunden.Mit dieser Technologie sind nun Hinterschneidungen, kompliziert geformte Kan\u00e4le und str\u00f6mungsbrechende Elemente herstellbar. Das hierf\u00fcr genutzte Niederdruckhei\u00dfgie\u00dfen erm\u00f6glicht eine endkonturnahe und kosteng\u00fcnstige [&hellip;]<\/p>\n","protected":false},"author":1,"featured_media":150,"parent":9,"menu_order":0,"comment_status":"closed","ping_status":"closed","template":"","meta":{"footnotes":""},"class_list":["post-22","page","type-page","status-publish","has-post-thumbnail","hentry"],"_links":{"self":[{"href":"https:\/\/www.fuegetechnik-berlin.de\/index.php?rest_route=\/wp\/v2\/pages\/22"}],"collection":[{"href":"https:\/\/www.fuegetechnik-berlin.de\/index.php?rest_route=\/wp\/v2\/pages"}],"about":[{"href":"https:\/\/www.fuegetechnik-berlin.de\/index.php?rest_route=\/wp\/v2\/types\/page"}],"author":[{"embeddable":true,"href":"https:\/\/www.fuegetechnik-berlin.de\/index.php?rest_route=\/wp\/v2\/users\/1"}],"replies":[{"embeddable":true,"href":"https:\/\/www.fuegetechnik-berlin.de\/index.php?rest_route=%2Fwp%2Fv2%2Fcomments&post=22"}],"version-history":[{"count":68,"href":"https:\/\/www.fuegetechnik-berlin.de\/index.php?rest_route=\/wp\/v2\/pages\/22\/revisions"}],"predecessor-version":[{"id":430,"href":"https:\/\/www.fuegetechnik-berlin.de\/index.php?rest_route=\/wp\/v2\/pages\/22\/revisions\/430"}],"up":[{"embeddable":true,"href":"https:\/\/www.fuegetechnik-berlin.de\/index.php?rest_route=\/wp\/v2\/pages\/9"}],"wp:featuredmedia":[{"embeddable":true,"href":"https:\/\/www.fuegetechnik-berlin.de\/index.php?rest_route=\/wp\/v2\/media\/150"}],"wp:attachment":[{"href":"https:\/\/www.fuegetechnik-berlin.de\/index.php?rest_route=%2Fwp%2Fv2%2Fmedia&parent=22"}],"curies":[{"name":"wp","href":"https:\/\/api.w.org\/{rel}","templated":true}]}}