{"id":25,"date":"2013-05-23T11:21:52","date_gmt":"2013-05-23T09:21:52","guid":{"rendered":"http:\/\/www.fuegetechnik-berlin.de\/ftbbwordpress\/?page_id=25"},"modified":"2014-01-13T21:45:28","modified_gmt":"2014-01-13T19:45:28","slug":"ceramic-engineering","status":"publish","type":"page","link":"https:\/\/www.fuegetechnik-berlin.de\/?page_id=25","title":{"rendered":"CERAMIC ENGINEERING"},"content":{"rendered":"<div style=\"float: left; width: 350px; height: 600px; text-align: justify;\">Mit dem Ceramic Engineering bieten wir Entwicklungs- und Konstruktionsleistungen f\u00fcr Baugruppen mit keramischen Komponenten an.<\/p>\n<p>Hier flie\u00dfen die Eigenschaften der Hochleistungskeramik wie Abrieb- und Temperaturfestigkeit in ein Gesamtkonzept ein. In einer Entwicklungspartnerschaft erstellen wir in enger Zusammenarbeit mit dem Kunden ganzheitliche L\u00f6sungen f\u00fcr spezifische Anwendungen und setzen diese gemeinsam um.<\/p>\n<p>Bei der Entwicklung eines Produktes begleiten wir Sie auf Wunsch von der ersten Idee bis zur Serie. Hierbei \u00fcbernehmen wir die Durchf\u00fchrung von Machbarkeitsstudien in gew\u00fcnschtem Umfang, die Konstruktion und Herstellung von Prototypen sowie die Festlegung des f\u00fcr die Losgr\u00f6\u00dfe geeigneten Produktionsverfahrens.<\/p>\n<p>Wir unterst\u00fctzen Sie auch bei der Auswahl des passenden passenden Keramikwerkstoffes und der Implementierung keramikgerechter Konstruktionen.<br \/>\nF\u00fcr Klein- und Mittelserien steht als Fertigungsverfahren das Niederdruckhei\u00dfgie\u00dfen zur Verf\u00fcgung. Prototypen k\u00f6nnen mit abtragender Bearbeitung von Pressk\u00f6rpern hergestellt werden.<\/p>\n<p>Wir produzieren Keramik-Keramik- und Keramik-Metall-Baugruppen, die auf Budget, St\u00fcckzahl und betriebsbedingte Anwendung abgestimmt und nach Ihren Anforderungen gepr\u00fcft werden.<\/p>\n<p>Wenn auch Sie keramische Komponenten in Ihre Produktion integrieren wollen, beraten wir Sie gerne.<\/p><\/div>\n<div style=\"float:right; width: 460px; height: 600px;\">\n<img loading=\"lazy\" decoding=\"async\" src=\"https:\/\/www.fuegetechnik-berlin.de\/\/wp-content\/uploads\/2013\/05\/DSC_0583_02_small1.jpg\" alt=\"DSC_0583_02_small\" width=\"460\" height=\"516\" class=\"alignnone size-full wp-image-151\" \/>\n<\/div>\n","protected":false},"excerpt":{"rendered":"<p>Mit dem Ceramic Engineering bieten wir Entwicklungs- und Konstruktionsleistungen f\u00fcr Baugruppen mit keramischen Komponenten an. Hier flie\u00dfen die Eigenschaften der Hochleistungskeramik wie Abrieb- und Temperaturfestigkeit in ein Gesamtkonzept ein. In einer Entwicklungspartnerschaft erstellen wir in enger Zusammenarbeit mit dem Kunden ganzheitliche L\u00f6sungen f\u00fcr spezifische Anwendungen und setzen diese gemeinsam um. Bei der Entwicklung eines Produktes [&hellip;]<\/p>\n","protected":false},"author":1,"featured_media":151,"parent":9,"menu_order":2,"comment_status":"closed","ping_status":"closed","template":"","meta":{"footnotes":""},"class_list":["post-25","page","type-page","status-publish","has-post-thumbnail","hentry"],"_links":{"self":[{"href":"https:\/\/www.fuegetechnik-berlin.de\/index.php?rest_route=\/wp\/v2\/pages\/25"}],"collection":[{"href":"https:\/\/www.fuegetechnik-berlin.de\/index.php?rest_route=\/wp\/v2\/pages"}],"about":[{"href":"https:\/\/www.fuegetechnik-berlin.de\/index.php?rest_route=\/wp\/v2\/types\/page"}],"author":[{"embeddable":true,"href":"https:\/\/www.fuegetechnik-berlin.de\/index.php?rest_route=\/wp\/v2\/users\/1"}],"replies":[{"embeddable":true,"href":"https:\/\/www.fuegetechnik-berlin.de\/index.php?rest_route=%2Fwp%2Fv2%2Fcomments&post=25"}],"version-history":[{"count":11,"href":"https:\/\/www.fuegetechnik-berlin.de\/index.php?rest_route=\/wp\/v2\/pages\/25\/revisions"}],"predecessor-version":[{"id":377,"href":"https:\/\/www.fuegetechnik-berlin.de\/index.php?rest_route=\/wp\/v2\/pages\/25\/revisions\/377"}],"up":[{"embeddable":true,"href":"https:\/\/www.fuegetechnik-berlin.de\/index.php?rest_route=\/wp\/v2\/pages\/9"}],"wp:featuredmedia":[{"embeddable":true,"href":"https:\/\/www.fuegetechnik-berlin.de\/index.php?rest_route=\/wp\/v2\/media\/151"}],"wp:attachment":[{"href":"https:\/\/www.fuegetechnik-berlin.de\/index.php?rest_route=%2Fwp%2Fv2%2Fmedia&parent=25"}],"curies":[{"name":"wp","href":"https:\/\/api.w.org\/{rel}","templated":true}]}}