{"id":7,"date":"2013-05-23T11:15:26","date_gmt":"2013-05-23T09:15:26","guid":{"rendered":"http:\/\/www.fuegetechnik-berlin.de\/ftbbwordpress\/?page_id=7"},"modified":"2023-02-12T18:54:24","modified_gmt":"2023-02-12T16:54:24","slug":"unternehmen","status":"publish","type":"page","link":"https:\/\/www.fuegetechnik-berlin.de\/","title":{"rendered":"UNTERNEHMEN"},"content":{"rendered":"\n<div style=\"float: center; width: 800px; height: 350px; text-align: justify;\">Die FHK F\u00fcgetechnik Hochleistungskeramik GmbH bietet kundenspezifische Produkte und L\u00f6sungen aus Hochleistungskeramik. Spezialisiert sind wir auf die Entwicklung und Fertigung innovativer und vor allem komplex geformter Bauteile aus oxidkeramischen Werkstoffen f\u00fcr den industriellen Einsatz.<br>Bei der Entwicklung eines Produktes begleiten wir Sie auf Wunsch von der ersten Idee \u00fcber die Konstruktion und Erstellung von Prototypen bis zur Festlegung des geeigneten Produktionsverfahrens f\u00fcr die gew\u00fcnschte St\u00fcckzahl. Wir unterst\u00fctzen Sie auch bei der Auswahl des passenden passenden Keramikwerkstoffes und der Implementierung keramikgerechter Konstruktionen.<br>F\u00fcr Klein- und Mittelserien steht als Fertigungsverfahren das Niederdruckhei\u00dfgie\u00dfen zur Verf\u00fcgung. Prototypen k\u00f6nnen mit abtragender Bearbeitung von Pressk\u00f6rpern hergestellt werden.<br>Ebenso bieten wir Keramik-Keramik- und Keramik-Metall-Baugruppen, die auf Budget, St\u00fcckzahl und betriebsbedingte Anwendung abgestimmt und nach Ihren Anforderungen gepr\u00fcft werden.Unsere Produkte finden Anwendung in den verschiedensten Bereichen wie Laborbedarf, Maschinen- und Anlagenbau sowie der Chemie- und Messtechnik.<\/div>\n\n\n\n<div>&nbsp;<\/div>\n","protected":false},"excerpt":{"rendered":"<p>Die FHK F\u00fcgetechnik Hochleistungskeramik GmbH bietet kundenspezifische Produkte und L\u00f6sungen aus Hochleistungskeramik. Spezialisiert sind wir auf die Entwicklung und Fertigung innovativer und vor allem komplex geformter Bauteile aus oxidkeramischen Werkstoffen f\u00fcr den industriellen Einsatz.Bei der Entwicklung eines Produktes begleiten wir Sie auf Wunsch von der ersten Idee \u00fcber die Konstruktion und Erstellung von Prototypen bis [&hellip;]<\/p>\n","protected":false},"author":1,"featured_media":0,"parent":0,"menu_order":3,"comment_status":"closed","ping_status":"closed","template":"","meta":{"footnotes":""},"class_list":["post-7","page","type-page","status-publish","hentry"],"_links":{"self":[{"href":"https:\/\/www.fuegetechnik-berlin.de\/index.php?rest_route=\/wp\/v2\/pages\/7"}],"collection":[{"href":"https:\/\/www.fuegetechnik-berlin.de\/index.php?rest_route=\/wp\/v2\/pages"}],"about":[{"href":"https:\/\/www.fuegetechnik-berlin.de\/index.php?rest_route=\/wp\/v2\/types\/page"}],"author":[{"embeddable":true,"href":"https:\/\/www.fuegetechnik-berlin.de\/index.php?rest_route=\/wp\/v2\/users\/1"}],"replies":[{"embeddable":true,"href":"https:\/\/www.fuegetechnik-berlin.de\/index.php?rest_route=%2Fwp%2Fv2%2Fcomments&post=7"}],"version-history":[{"count":23,"href":"https:\/\/www.fuegetechnik-berlin.de\/index.php?rest_route=\/wp\/v2\/pages\/7\/revisions"}],"predecessor-version":[{"id":470,"href":"https:\/\/www.fuegetechnik-berlin.de\/index.php?rest_route=\/wp\/v2\/pages\/7\/revisions\/470"}],"wp:attachment":[{"href":"https:\/\/www.fuegetechnik-berlin.de\/index.php?rest_route=%2Fwp%2Fv2%2Fmedia&parent=7"}],"curies":[{"name":"wp","href":"https:\/\/api.w.org\/{rel}","templated":true}]}}